{"id":222,"date":"2016-12-09T09:49:25","date_gmt":"2016-12-09T07:49:25","guid":{"rendered":"http:\/\/www.isannointitiimi.fi\/calendar\/"},"modified":"2025-06-24T14:27:58","modified_gmt":"2025-06-24T11:27:58","slug":"kokoustilan-varauskalenteri","status":"publish","type":"page","link":"https:\/\/www.kauppalaisseura.fi\/varauskalenteri\/","title":{"rendered":"Ei otsikkoa"},"content":{"rendered":"\n<h3 class=\"has-text-align-center\">Jyv\u00e4skyl\u00e4n Kauppalaisseuran kokous- ja saunatilan, V\u00e4in\u00f6nkatu 30 5. krs, varauskalenteri<\/h3>\n\n\n\n<p><strong>Kokous- ja saunatilan vuokrahinnat ovat seuraavat:<\/strong><\/p>\n\n\n\n<p>3.1.2025 alkaen tehtyihin varauksiin sovelletaan alla olevaa hinnastoa:<\/p>\n\n\n\n<p>Klo 8-16 kokousvaraukset tunneittain 40\u20ac\/tunti sis alv 25,5 %. Minimiveloitus 3h (120\u20ac sis alv 25,5 %).<br>Saunavaraus aikav\u00e4lill\u00e4 8-16 (kiinte\u00e4 hinta) 395\u20ac sis alv 25,5 %.<br>Koko p\u00e4iv\u00e4n kokous- ja saunavaraus 550\u20ac sis alv 25,5 %.<br>Klo 17-24 iltavaraus 420\u20ac ilta sis alv 25,5%.<br><br>Saunavarauksissa pyyhkeet ja loppusiivous sis\u00e4ltyv\u00e4t hintaan.<\/p>\n\n\n <div id=\"form_id1664333376557\" class=\"wpdevelop\"><form  id=\"booking_form1\"   class=\"booking_form vertical\" method=\"post\" action=\"\"><div id=\"ajax_respond_insert1\" class=\"ajax_respond_insert\" style=\"display:none;\"><\/div><a name=\"bklnk1\" id=\"bklnk1\"><\/a><div id=\"booking_form_div1\" class=\"booking_form_div\"><style type=\"text\/css\" rel=\"stylesheet\" >.hasDatepick .datepick-inline .datepick-title-row th,.hasDatepick .datepick-inline .datepick-days-cell{ height: 30px !important; }<\/style><div class=\"bk_calendar_frame months_num_in_row_1 cal_month_num_1\" style=\"width:100%;\"><div id=\"calendar_booking1\">Kalenteri latautuu...<\/div><\/div><textarea id=\"date_booking1\" name=\"date_booking1\" autocomplete=\"off\" style=\"display:none;\"><\/textarea><div class=\"block_hints datepick\"><div class=\"wpdev_hint_with_text\"><div class=\"block_free datepick-days-cell\"><a>15<\/a><\/div><div class=\"block_text\">- Vapaa<\/div><\/div><div class=\"wpdev_hint_with_text\"><div class=\"block_booked date_approved\">15<\/div><div class=\"block_text\">- Varattu<\/div><\/div><div class=\"wpdev_hint_with_text\"><div class=\"block_time timespartly\">15<\/div><div class=\"block_text\">- Osittain varattu<\/div><\/div><\/div><div class=\"wpdev_clear_hint\"><\/div>\r\n<p>Viem\u00e4ll\u00e4 hiiren varauksen p\u00e4\u00e4lle, n\u00e4et varatun kellonajan.<\/p>\r\n\r\n<div class=\"standard-form\">\r\n<p>Valitse ensin yll\u00e4olevasta kalenterista haluamasi p\u00e4iv\u00e4m\u00e4\u00e4r\u00e4.<br \/>Valitse alkamisaika klo:<br \/><span class=\"wpdev-form-control-wrap starttime1\"><select onchange=\"javascript:if(typeof( showCostHintInsideBkForm ) == 'function') {  showCostHintInsideBkForm(1);}\" name=\"starttime1\"><option value=\"08:00\">08:00<\/option><option value=\"09:00\">09:00<\/option><option value=\"10:00\">10:00<\/option><option value=\"11:00\">11:00<\/option><option value=\"12:00\">12:00<\/option><option value=\"13:00\">13:00<\/option><option value=\"14:00\">14:00<\/option><option value=\"15:00\">15:00<\/option><option value=\"17:00\">17:00<\/option><\/select><\/span><\/p>\r\n<p>Valitse lopetusaika klo:<br \/><span class=\"wpdev-form-control-wrap endtime1\"><select onchange=\"javascript:if(typeof( showCostHintInsideBkForm ) == 'function') {  showCostHintInsideBkForm(1);}\" name=\"endtime1\"><option value=\"09:00\">09:00<\/option><option value=\"10:00\">10:00<\/option><option value=\"11:00\">11:00<\/option><option value=\"12:00\">12:00<\/option><option value=\"13:00\">13:00<\/option><option value=\"14:00\">14:00<\/option><option value=\"15:00\">15:00<\/option><option value=\"16:00\">16:00<\/option><option value=\"23:59\">23:59<\/option><\/select><\/span><\/p>\r\n\t <p><span class=\"wpdev-form-control-wrap valintanappiyy1\"><span class=\"wpdev-validates-as-required wpdev-radio\"><span class=\"wpdev-list-item\"><span class=\"wpdev-list-item-label\">Yksityishenkil\u00f6<\/span>&nbsp;<input  class=\"wpdev-validates-as-required wpdev-radio\" onchange=\"javascript:if(typeof( showCostHintInsideBkForm ) == 'function') {  showCostHintInsideBkForm(1);}\"  type=\"radio\"  name=\"valintanappiyy1\"  value=\"Yksityishenkil\u00f6\" \/><\/span><span class=\"wpdev-list-item\"><span class=\"wpdev-list-item-label\">Yritys\/yhteis\u00f6<\/span>&nbsp;<input  class=\"wpdev-validates-as-required wpdev-radio\" onchange=\"javascript:if(typeof( showCostHintInsideBkForm ) == 'function') {  showCostHintInsideBkForm(1);}\"  type=\"radio\"  name=\"valintanappiyy1\"  value=\"Yritys\/yhteis\u00f6\" \/><\/span><\/span><\/span>*<\/p>\r\n     <p>Yritys\/yhteis\u00f6:<br \/><span class=\"wpdev-form-control-wrap yritys1\"><input type=\"text\" name=\"yritys1\" value=\"\" size=\"40\" \/><\/span><\/p>\r\n     <p>Y-tunnus:<br \/><span class=\"wpdev-form-control-wrap ytunnus1\"><input type=\"text\" name=\"ytunnus1\" value=\"\" size=\"40\" \/><\/span><\/p>\t\r\n     <p>Varaajan nimi*:<br \/><span class=\"wpdev-form-control-wrap name1\"><input type=\"text\" name=\"name1\" value=\"\" class=\"wpdev-validates-as-required\" size=\"40\" \/><\/span><\/p>\r\n     <p>Laskutusosoite (my\u00f6s postinumero)*:<br \/><span class=\"wpdev-form-control-wrap osoite1\"><input type=\"text\" name=\"osoite1\" value=\"\" class=\"wpdev-validates-as-required\" size=\"40\" \/><\/span><\/p>\r\n     <p>S\u00e4hk\u00f6posti*:<br \/><span class=\"wpdev-form-control-wrap email1\"><input type=\"text\" name=\"email1\" value=\"\" class=\"wpdev-validates-as-email wpdev-validates-as-required\" size=\"40\" \/><\/span><\/p>\r\n     <p>Puhelin*:<br \/><span class=\"wpdev-form-control-wrap phone1\"><input type=\"text\" name=\"phone1\" value=\"\" class=\"wpdev-validates-as-required\" size=\"40\" \/><\/span><\/p>\r\n     <p>Oletko Kauppalaisseuran tai CT:n j\u00e4sen (kyll\u00e4\/en\/CT)*:<br \/> <span class=\"wpdev-form-control-wrap seuranjasen1\"><input type=\"text\" name=\"seuranjasen1\" value=\"\" class=\"wpdev-validates-as-required\" size=\"40\" \/><\/span><\/p>\r\n     <p>K\u00e4ytt\u00f6tarkoitus\/lis\u00e4tietoa:<br \/><span class=\"wpdev-form-control-wrap details1\"><textarea name=\"details1\" cols=\"40\" rows=\"10\"><\/textarea><\/span><\/p>\r\n     <p>Varmennuskoodi*:<br \/><input  autocomplete=\"off\" type=\"hidden\" name=\"wpdev_captcha_challenge_1\"  id=\"wpdev_captcha_challenge_1\" value=\"2028198979\" \/><input  autocomplete=\"off\" type=\"text\" class=\"captachinput\" value=\"\" name=\"captcha_input1\" id=\"captcha_input1\" \/><img class=\"captcha_img\"  id=\"captcha_img1\" alt=\"captcha\" src=\"https:\/\/www.kauppalaisseura.fi\/varauskalenteri\/wp-content\/plugins\/booking.bm.8.6\/js\/captcha\/tmp\/2028198979.png\" \/><span id=\"captcha_msg1\" class=\"wpdev-help-message\" ><\/span><\/p>\r\n     <p><input type=\"button\" value=\"L\u00e4het\u00e4 varaus\" class=\"btn\" onclick=\"mybooking_submit(this.form,1, 'fi' );\" \/><img class=\"ajax-loader\"  style=\"vertical-align:middle;box-shadow:none;width:14px;visibility: hidden;\" alt=\"ajax loader\" src=\"https:\/\/www.kauppalaisseura.fi\/varauskalenteri\/wp-content\/plugins\/booking.bm.8.6\/assets\/img\/ajax-loader.gif\" \/><\/p><br \/>\r\n     <p><b>Tietoa varauksestasi l\u00e4hetet\u00e4\u00e4n antamaasi s\u00e4hk\u00f6postiosoitteeseen.<\/b>\r\n<\/p><br \/>\r\n\r\n\r\n<\/div><script type='text\/javascript'>jQuery(document).ready( function(){    moveOptionalElementsToGarbage( 1 ); });<\/script><input id=\"bk_type1\" name=\"bk_type1\" class=\"\" type=\"hidden\" value=\"1\" \/><\/div><div id=\"submiting1\"><\/div><div class=\"form_bk_messages\" id=\"form_bk_messages1\" ><\/div><input type=\"hidden\" id=\"wpbc_nonce1\" name=\"wpbc_nonce1\" value=\"742c92cbc0\" \/><input type=\"hidden\" name=\"_wp_http_referer\" value=\"\/varauskalenteri\/wp-json\/wp\/v2\/pages\/222\" \/><input type=\"hidden\" id=\"wpbc_nonceCALCULATE_THE_COST1\" name=\"wpbc_nonceCALCULATE_THE_COST1\" value=\"37fef26cc6\" \/><input type=\"hidden\" name=\"_wp_http_referer\" value=\"\/varauskalenteri\/wp-json\/wp\/v2\/pages\/222\" \/><\/form><\/div><div id=\"booking_form_garbage1\" class=\"booking_form_garbage\"><\/div><script type=\"text\/javascript\">\n                                jQuery(document).ready( function(){\n                                    jQuery(\".widget_wpdev_booking .booking_form.form-horizontal\").removeClass(\"form-horizontal\");\n                                    var visible_booking_id_on_page_num = visible_booking_id_on_page.length;\n                                    if (visible_booking_id_on_page_num !== null ) {\n                                        for (var i=0;i< visible_booking_id_on_page_num ;i++){\n                                          if ( visible_booking_id_on_page[i]==\"booking_form_div1\" ) {\n                                              document.getElementById(\"form_id1664333376557\").innerHTML = \"<span style='color:#A00;font-size:10px;'>Varoitus Sivulla on jo varauskalenteri t\u00e4lle kohteelle. Lue lis\u00e4\u00e4 t\u00e4st\u00e4 ongelmasta t\u00e4\u00e4lt\u00e4: https:\/\/wpbookingcalendar.com\/faq\/why-the-booking-calendar-widget-not-show-on-page\/<\/span>\";                                                                                                  \n                                              jQuery(\"#form_id1664333376557\").animate( {opacity: 1}, 10000 ).fadeOut(5000);\n                                              return;\n                                          }\n                                        }\n                                        visible_booking_id_on_page[ visible_booking_id_on_page_num ]=\"booking_form_div1\";\n                                    }\n                                });\n                            <\/script> <script type='text\/javascript'>  jQuery(document).ready( function(){  date_admin_blank[1] = [];  date2approve[1] = [];  var date_approved_par = []; is_all_days_available[1] = 1;  avalaibility_filters[1] = [];  if (typeof( date_approved_par[ '4-17-2026' ] ) == 'undefined'){  date_approved_par[ '4-17-2026' ] = [];}  date_approved_par[ '4-17-2026' ][  date_approved_par['4-17-2026'].length  ] = [4,17,2026, 9, 0, 1]; if (typeof( date_approved_par[ '4-17-2026' ] ) == 'undefined'){  date_approved_par[ '4-17-2026' ] = [];}  date_approved_par[ '4-17-2026' ][  date_approved_par['4-17-2026'].length  ] = [4,17,2026, 15, 0, 2]; if (typeof( date_approved_par[ '4-18-2026' ] ) == 'undefined'){  date_approved_par[ '4-18-2026' ] = [];}  date_approved_par[ '4-18-2026' ][  date_approved_par['4-18-2026'].length  ] = [4,18,2026, 17, 0, 1]; if (typeof( date_approved_par[ '4-18-2026' ] ) == 'undefined'){  date_approved_par[ '4-18-2026' ] = [];}  date_approved_par[ '4-18-2026' ][  date_approved_par['4-18-2026'].length  ] = [4,18,2026, 23, 59, 2]; if (typeof( date_approved_par[ '4-23-2026' ] ) == 'undefined'){  date_approved_par[ '4-23-2026' ] = [];}  date_approved_par[ '4-23-2026' ][  date_approved_par['4-23-2026'].length  ] = [4,23,2026, 17, 0, 1]; if (typeof( date_approved_par[ '4-23-2026' ] ) == 'undefined'){  date_approved_par[ '4-23-2026' ] = [];}  date_approved_par[ '4-23-2026' ][  date_approved_par['4-23-2026'].length  ] = [4,23,2026, 23, 59, 2]; if (typeof( date_approved_par[ '4-25-2026' ] ) == 'undefined'){  date_approved_par[ '4-25-2026' ] = [];}  date_approved_par[ '4-25-2026' ][  date_approved_par['4-25-2026'].length  ] = [4,25,2026, 8, 0, 1]; if (typeof( date_approved_par[ '4-25-2026' ] ) == 'undefined'){  date_approved_par[ '4-25-2026' ] = [];}  date_approved_par[ '4-25-2026' ][  date_approved_par['4-25-2026'].length  ] = [4,25,2026, 23, 59, 2]; if (typeof( date_approved_par[ '4-28-2026' ] ) == 'undefined'){  date_approved_par[ '4-28-2026' ] = [];}  date_approved_par[ '4-28-2026' ][  date_approved_par['4-28-2026'].length  ] = [4,28,2026, 8, 0, 1]; if (typeof( date_approved_par[ '4-28-2026' ] ) == 'undefined'){  date_approved_par[ '4-28-2026' ] = [];}  date_approved_par[ '4-28-2026' ][  date_approved_par['4-28-2026'].length  ] = [4,28,2026, 23, 59, 2]; if (typeof( date_approved_par[ '4-30-2026' ] ) == 'undefined'){  date_approved_par[ '4-30-2026' ] = [];}  date_approved_par[ '4-30-2026' ][  date_approved_par['4-30-2026'].length  ] = [4,30,2026, 10, 0, 1]; if (typeof( date_approved_par[ '4-30-2026' ] ) == 'undefined'){  date_approved_par[ '4-30-2026' ] = [];}  date_approved_par[ '4-30-2026' ][  date_approved_par['4-30-2026'].length  ] = [4,30,2026, 23, 59, 2]; if (typeof( date_approved_par[ '5-8-2026' ] ) == 'undefined'){  date_approved_par[ '5-8-2026' ] = [];}  date_approved_par[ '5-8-2026' ][  date_approved_par['5-8-2026'].length  ] = [5,8,2026, 17, 0, 1]; if (typeof( date_approved_par[ '5-8-2026' ] ) == 'undefined'){  date_approved_par[ '5-8-2026' ] = [];}  date_approved_par[ '5-8-2026' ][  date_approved_par['5-8-2026'].length  ] = [5,8,2026, 23, 59, 2]; if (typeof( date_approved_par[ '5-9-2026' ] ) == 'undefined'){  date_approved_par[ '5-9-2026' ] = [];}  date_approved_par[ '5-9-2026' ][  date_approved_par['5-9-2026'].length  ] = [5,9,2026, 12, 0, 1]; if (typeof( date_approved_par[ '5-9-2026' ] ) == 'undefined'){  date_approved_par[ '5-9-2026' ] = [];}  date_approved_par[ '5-9-2026' ][  date_approved_par['5-9-2026'].length  ] = [5,9,2026, 23, 59, 2]; if (typeof( date_approved_par[ '5-15-2026' ] ) == 'undefined'){  date_approved_par[ '5-15-2026' ] = [];}  date_approved_par[ '5-15-2026' ][  date_approved_par['5-15-2026'].length  ] = [5,15,2026, 17, 0, 1]; if (typeof( date_approved_par[ '5-15-2026' ] ) == 'undefined'){  date_approved_par[ '5-15-2026' ] = [];}  date_approved_par[ '5-15-2026' ][  date_approved_par['5-15-2026'].length  ] = [5,15,2026, 23, 59, 2]; if (typeof( date_approved_par[ '5-16-2026' ] ) == 'undefined'){  date_approved_par[ '5-16-2026' ] = [];}  date_approved_par[ '5-16-2026' ][  date_approved_par['5-16-2026'].length  ] = [5,16,2026, 17, 0, 1]; if (typeof( date_approved_par[ '5-16-2026' ] ) == 'undefined'){  date_approved_par[ '5-16-2026' ] = [];}  date_approved_par[ '5-16-2026' ][  date_approved_par['5-16-2026'].length  ] = [5,16,2026, 23, 59, 2]; if (typeof( date_approved_par[ '5-22-2026' ] ) == 'undefined'){  date_approved_par[ '5-22-2026' ] = [];}  date_approved_par[ '5-22-2026' ][  date_approved_par['5-22-2026'].length  ] = [5,22,2026, 12, 0, 1]; if (typeof( date_approved_par[ '5-22-2026' ] ) == 'undefined'){  date_approved_par[ '5-22-2026' ] = [];}  date_approved_par[ '5-22-2026' ][  date_approved_par['5-22-2026'].length  ] = [5,22,2026, 23, 59, 2]; if (typeof( date_approved_par[ '5-23-2026' ] ) == 'undefined'){  date_approved_par[ '5-23-2026' ] = [];}  date_approved_par[ '5-23-2026' ][  date_approved_par['5-23-2026'].length  ] = [5,23,2026, 15, 0, 1]; if (typeof( date_approved_par[ '5-23-2026' ] ) == 'undefined'){  date_approved_par[ '5-23-2026' ] = [];}  date_approved_par[ '5-23-2026' ][  date_approved_par['5-23-2026'].length  ] = [5,23,2026, 23, 59, 2]; if (typeof( date_approved_par[ '5-26-2026' ] ) == 'undefined'){  date_approved_par[ '5-26-2026' ] = [];}  date_approved_par[ '5-26-2026' ][  date_approved_par['5-26-2026'].length  ] = [5,26,2026, 13, 0, 1]; if (typeof( date_approved_par[ '5-26-2026' ] ) == 'undefined'){  date_approved_par[ '5-26-2026' ] = [];}  date_approved_par[ '5-26-2026' ][  date_approved_par['5-26-2026'].length  ] = [5,26,2026, 15, 0, 2]; if (typeof( date_approved_par[ '5-30-2026' ] ) == 'undefined'){  date_approved_par[ '5-30-2026' ] = [];}  date_approved_par[ '5-30-2026' ][  date_approved_par['5-30-2026'].length  ] = [5,30,2026, 12, 0, 1]; if (typeof( date_approved_par[ '5-30-2026' ] ) == 'undefined'){  date_approved_par[ '5-30-2026' ] = [];}  date_approved_par[ '5-30-2026' ][  date_approved_par['5-30-2026'].length  ] = [5,30,2026, 23, 59, 2]; if (typeof( date_approved_par[ '6-6-2026' ] ) == 'undefined'){  date_approved_par[ '6-6-2026' ] = [];}  date_approved_par[ '6-6-2026' ][  date_approved_par['6-6-2026'].length  ] = [6,6,2026, 17, 0, 1]; if (typeof( date_approved_par[ '6-6-2026' ] ) == 'undefined'){  date_approved_par[ '6-6-2026' ] = [];}  date_approved_par[ '6-6-2026' ][  date_approved_par['6-6-2026'].length  ] = [6,6,2026, 23, 59, 2]; if (typeof( date_approved_par[ '6-13-2026' ] ) == 'undefined'){  date_approved_par[ '6-13-2026' ] = [];}  date_approved_par[ '6-13-2026' ][  date_approved_par['6-13-2026'].length  ] = [6,13,2026, 17, 0, 1]; if (typeof( date_approved_par[ '6-13-2026' ] ) == 'undefined'){  date_approved_par[ '6-13-2026' ] = [];}  date_approved_par[ '6-13-2026' ][  date_approved_par['6-13-2026'].length  ] = [6,13,2026, 23, 59, 2]; if (typeof( date_approved_par[ '7-5-2026' ] ) == 'undefined'){  date_approved_par[ '7-5-2026' ] = [];}  date_approved_par[ '7-5-2026' ][  date_approved_par['7-5-2026'].length  ] = [7,5,2026, 12, 0, 1]; if (typeof( date_approved_par[ '7-5-2026' ] ) == 'undefined'){  date_approved_par[ '7-5-2026' ] = [];}  date_approved_par[ '7-5-2026' ][  date_approved_par['7-5-2026'].length  ] = [7,5,2026, 16, 0, 2]; if (typeof( date_approved_par[ '7-9-2026' ] ) == 'undefined'){  date_approved_par[ '7-9-2026' ] = [];}  date_approved_par[ '7-9-2026' ][  date_approved_par['7-9-2026'].length  ] = [7,9,2026, 17, 0, 1]; if (typeof( date_approved_par[ '7-9-2026' ] ) == 'undefined'){  date_approved_par[ '7-9-2026' ] = [];}  date_approved_par[ '7-9-2026' ][  date_approved_par['7-9-2026'].length  ] = [7,9,2026, 23, 59, 2]; if (typeof( date_approved_par[ '7-11-2026' ] ) == 'undefined'){  date_approved_par[ '7-11-2026' ] = [];}  date_approved_par[ '7-11-2026' ][  date_approved_par['7-11-2026'].length  ] = [7,11,2026, 8, 0, 1]; if (typeof( date_approved_par[ '7-11-2026' ] ) == 'undefined'){  date_approved_par[ '7-11-2026' ] = [];}  date_approved_par[ '7-11-2026' ][  date_approved_par['7-11-2026'].length  ] = [7,11,2026, 23, 59, 2]; if (typeof( date_approved_par[ '7-12-2026' ] ) == 'undefined'){  date_approved_par[ '7-12-2026' ] = [];}  date_approved_par[ '7-12-2026' ][  date_approved_par['7-12-2026'].length  ] = [7,12,2026, 8, 0, 1]; if (typeof( date_approved_par[ '7-12-2026' ] ) == 'undefined'){  date_approved_par[ '7-12-2026' ] = [];}  date_approved_par[ '7-12-2026' ][  date_approved_par['7-12-2026'].length  ] = [7,12,2026, 23, 59, 2]; if (typeof( date_approved_par[ '8-15-2026' ] ) == 'undefined'){  date_approved_par[ '8-15-2026' ] = [];}  date_approved_par[ '8-15-2026' ][  date_approved_par['8-15-2026'].length  ] = [8,15,2026, 17, 0, 1]; if (typeof( date_approved_par[ '8-15-2026' ] ) == 'undefined'){  date_approved_par[ '8-15-2026' ] = [];}  date_approved_par[ '8-15-2026' ][  date_approved_par['8-15-2026'].length  ] = [8,15,2026, 23, 59, 2]; if (typeof( date_approved_par[ '8-22-2026' ] ) == 'undefined'){  date_approved_par[ '8-22-2026' ] = [];}  date_approved_par[ '8-22-2026' ][  date_approved_par['8-22-2026'].length  ] = [8,22,2026, 17, 0, 1]; if (typeof( date_approved_par[ '8-22-2026' ] ) == 'undefined'){  date_approved_par[ '8-22-2026' ] = [];}  date_approved_par[ '8-22-2026' ][  date_approved_par['8-22-2026'].length  ] = [8,22,2026, 23, 59, 2]; if (typeof( date_approved_par[ '8-29-2026' ] ) == 'undefined'){  date_approved_par[ '8-29-2026' ] = [];}  date_approved_par[ '8-29-2026' ][  date_approved_par['8-29-2026'].length  ] = [8,29,2026, 12, 0, 1]; if (typeof( date_approved_par[ '8-29-2026' ] ) == 'undefined'){  date_approved_par[ '8-29-2026' ] = [];}  date_approved_par[ '8-29-2026' ][  date_approved_par['8-29-2026'].length  ] = [8,29,2026, 23, 59, 2]; if (typeof( date_approved_par[ '9-26-2026' ] ) == 'undefined'){  date_approved_par[ '9-26-2026' ] = [];}  date_approved_par[ '9-26-2026' ][  date_approved_par['9-26-2026'].length  ] = [9,26,2026, 14, 0, 1]; if (typeof( date_approved_par[ '9-26-2026' ] ) == 'undefined'){  date_approved_par[ '9-26-2026' ] = [];}  date_approved_par[ '9-26-2026' ][  date_approved_par['9-26-2026'].length  ] = [9,26,2026, 23, 59, 2]; if (typeof( date_approved_par[ '10-23-2026' ] ) == 'undefined'){  date_approved_par[ '10-23-2026' ] = [];}  date_approved_par[ '10-23-2026' ][  date_approved_par['10-23-2026'].length  ] = [10,23,2026, 17, 0, 1]; if (typeof( date_approved_par[ '10-23-2026' ] ) == 'undefined'){  date_approved_par[ '10-23-2026' ] = [];}  date_approved_par[ '10-23-2026' ][  date_approved_par['10-23-2026'].length  ] = [10,23,2026, 23, 59, 2]; if (typeof( date_approved_par[ '10-27-2026' ] ) == 'undefined'){  date_approved_par[ '10-27-2026' ] = [];}  date_approved_par[ '10-27-2026' ][  date_approved_par['10-27-2026'].length  ] = [10,27,2026, 8, 0, 1]; if (typeof( date_approved_par[ '10-27-2026' ] ) == 'undefined'){  date_approved_par[ '10-27-2026' ] = [];}  date_approved_par[ '10-27-2026' ][  date_approved_par['10-27-2026'].length  ] = [10,27,2026, 23, 59, 2]; if (typeof( date_approved_par[ '12-6-2026' ] ) == 'undefined'){  date_approved_par[ '12-6-2026' ] = [];}  date_approved_par[ '12-6-2026' ][  date_approved_par['12-6-2026'].length  ] = [12,6,2026, 14, 0, 1]; if (typeof( date_approved_par[ '12-6-2026' ] ) == 'undefined'){  date_approved_par[ '12-6-2026' ] = [];}  date_approved_par[ '12-6-2026' ][  date_approved_par['12-6-2026'].length  ] = [12,6,2026, 23, 59, 2]; if (typeof( date_approved_par[ '12-15-2026' ] ) == 'undefined'){  date_approved_par[ '12-15-2026' ] = [];}  date_approved_par[ '12-15-2026' ][  date_approved_par['12-15-2026'].length  ] = [12,15,2026, 8, 0, 1]; if (typeof( date_approved_par[ '12-15-2026' ] ) == 'undefined'){  date_approved_par[ '12-15-2026' ] = [];}  date_approved_par[ '12-15-2026' ][  date_approved_par['12-15-2026'].length  ] = [12,15,2026, 23, 59, 2]; if (typeof( date_approved_par[ '12-26-2026' ] ) == 'undefined'){  date_approved_par[ '12-26-2026' ] = [];}  date_approved_par[ '12-26-2026' ][  date_approved_par['12-26-2026'].length  ] = [12,26,2026, 17, 0, 1]; if (typeof( date_approved_par[ '12-26-2026' ] ) == 'undefined'){  date_approved_par[ '12-26-2026' ] = [];}  date_approved_par[ '12-26-2026' ][  date_approved_par['12-26-2026'].length  ] = [12,26,2026, 23, 59, 2];  init_datepick_cal('1', date_approved_par, 1 , 1, false   );  }); <\/script>\n\n\n<p>Tilavaraukset laskutetaan tilaisuuden j\u00e4lkeen. Laskut l\u00e4hetet\u00e4\u00e4n ensisijaisesti s\u00e4hk\u00f6postitse varauksen yhteydess\u00e4 ilmoitettuun s\u00e4hk\u00f6postiin tai lis\u00e4tiedot-kent\u00e4ss\u00e4 ilmoitettuun verkkolaskuosoitteeseen.<\/p>\n\n\n\n<p>Kadonneista ja k\u00e4ytt\u00f6\u00f6n kelpaamattomista pyyhkeist\u00e4 veloitetaan 25\u20ac\/kpl. Veloitamme h\u00e4vitetyst\u00e4 saunan avaimesta 150\u20ac. Sauna ei l\u00e4mpi\u00e4 automaattisesti, vaan se tulee kytke\u00e4 itse p\u00e4\u00e4lle.<\/p>\n\n\n\n<p>Avainten nouto ja palautus arkip\u00e4ivisin ma-to klo 9-15, pe klo 9-14 Oiva Is\u00e4nn\u00f6inti Oy, Alasinkatu 1\u20133, 40320 Jyv\u00e4skyl\u00e4. Mik\u00e4li kiinteist\u00f6huolto\/vartiointi h\u00e4lytet\u00e4\u00e4n avaamaan kokous- ja saunatilan ovea asiakkaalle, laskutetaan erillinen ovenavausmaksu.<\/p>\n\n\n\n<p>Kadonneista \/ rikkoutuneista astioista veloitamme varaajalta uuden vastaavan tuotteen hankintahinnan\/kpl toimituskuluineen ja 20\u20ac hankintakulun.<\/p>\n\n\n\n<p><strong>Varauksen p\u00e4\u00e4ttyess\u00e4 tila tulee tyhjent\u00e4\u00e4 kaikista omista tavaroista ja tarvikkeista.<\/strong> Tila tulee j\u00e4tt\u00e4\u00e4 siistiin peruskuntoon astiat pestyin\u00e4. Tiskikonetta ei saa j\u00e4tt\u00e4\u00e4 p\u00e4\u00e4lle valvomattomaan tilaan.<\/p>\n\n\n\n<p><strong>Peruutusehdot:<\/strong> Mik\u00e4li varaus perutaan viimeist\u00e4\u00e4n 2 viikkoa ennen varausp\u00e4iv\u00e4\u00e4, on peruutus maksuton. Mik\u00e4li varaukseen on aikaa v\u00e4hemm\u00e4n kuin 14 vrk, on peruutusmaksu 100\u20ac. Varaus tulee perua s\u00e4hk\u00f6postilla: varaukset (at) kauppalaisseura.fi<\/p>\n","protected":false},"excerpt":{"rendered":"<p>Jyv\u00e4skyl\u00e4n Kauppalaisseuran kokous- ja saunatilan, V\u00e4in\u00f6nkatu 30 5. krs, varauskalenteri Kokous- ja saunatilan vuokrahinnat ovat seuraavat: 3.1.2025 alkaen tehtyihin varauksiin sovelletaan alla olevaa hinnastoa: Klo 8-16 kokousvaraukset tunneittain 40\u20ac\/tunti sis alv 25,5 %. Minimiveloitus 3h (120\u20ac sis alv 25,5 %).Saunavaraus aikav\u00e4lill\u00e4 8-16 (kiinte\u00e4 hinta) 395\u20ac sis alv 25,5 %.Koko p\u00e4iv\u00e4n kokous- ja saunavaraus 550\u20ac sis&hellip; <a class=\"more-link\" href=\"https:\/\/www.kauppalaisseura.fi\/varauskalenteri\/\">Jatka lukemista <span class=\"screen-reader-text\">Ei otsikkoa<\/span><\/a><\/p>\n","protected":false},"author":3,"featured_media":3408,"parent":0,"menu_order":0,"comment_status":"closed","ping_status":"closed","template":"","meta":[],"_links":{"self":[{"href":"https:\/\/www.kauppalaisseura.fi\/varauskalenteri\/wp-json\/wp\/v2\/pages\/222"}],"collection":[{"href":"https:\/\/www.kauppalaisseura.fi\/varauskalenteri\/wp-json\/wp\/v2\/pages"}],"about":[{"href":"https:\/\/www.kauppalaisseura.fi\/varauskalenteri\/wp-json\/wp\/v2\/types\/page"}],"author":[{"embeddable":true,"href":"https:\/\/www.kauppalaisseura.fi\/varauskalenteri\/wp-json\/wp\/v2\/users\/3"}],"replies":[{"embeddable":true,"href":"https:\/\/www.kauppalaisseura.fi\/varauskalenteri\/wp-json\/wp\/v2\/comments?post=222"}],"version-history":[{"count":23,"href":"https:\/\/www.kauppalaisseura.fi\/varauskalenteri\/wp-json\/wp\/v2\/pages\/222\/revisions"}],"predecessor-version":[{"id":3601,"href":"https:\/\/www.kauppalaisseura.fi\/varauskalenteri\/wp-json\/wp\/v2\/pages\/222\/revisions\/3601"}],"wp:featuredmedia":[{"embeddable":true,"href":"https:\/\/www.kauppalaisseura.fi\/varauskalenteri\/wp-json\/wp\/v2\/media\/3408"}],"wp:attachment":[{"href":"https:\/\/www.kauppalaisseura.fi\/varauskalenteri\/wp-json\/wp\/v2\/media?parent=222"}],"curies":[{"name":"wp","href":"https:\/\/api.w.org\/{rel}","templated":true}]}}