{"id":9,"date":"2021-05-10T08:48:22","date_gmt":"2021-05-10T05:48:22","guid":{"rendered":"http:\/\/u63577.www2.webdomain.fi\/?page_id=9"},"modified":"2021-07-14T08:27:42","modified_gmt":"2021-07-14T05:27:42","slug":"etusivu","status":"publish","type":"page","link":"https:\/\/www.kauppalaisseura.fi\/seura\/","title":{"rendered":"Etusivu"},"content":{"rendered":"<div id=\"pl-9\"  class=\"panel-layout\" ><div id=\"pg-9-0\"  class=\"panel-grid panel-has-style\" ><div class=\"siteorigin-panels-stretch panel-row-style panel-row-style-for-9-0\" style=\"padding: 0px 0; \" id=\"karuselli\" data-stretch-type=\"full-stretched\" data-overlay=\"true\" data-overlay-color=\"#000000\" ><div id=\"pgc-9-0-0\"  class=\"panel-grid-cell\" ><div id=\"panel-9-0-0-0\" class=\"so-panel widget widget_sow-editor panel-first-child panel-last-child\" data-index=\"0\" ><div style=\"text-align: left;\" data-title-color=\"#443f3f\" data-headings-color=\"#443f3f\" class=\"panel-widget-style panel-widget-style-for-9-0-0-0\" ><div\n\t\t\t\n\t\t\tclass=\"so-widget-sow-editor so-widget-sow-editor-base\"\n\t\t\t\n\t\t>\n<div class=\"siteorigin-widget-tinymce textwidget\">\n\t<div class=\"banneri-pc\"><\/div>\n<\/div>\n<\/div><\/div><\/div><\/div><\/div><\/div><div id=\"pg-9-1\"  class=\"panel-grid panel-has-style\" ><div class=\"siteorigin-panels-stretch panel-row-style panel-row-style-for-9-1\" style=\"padding: 0px 0; \" id=\"etusivu-rivi1\" data-stretch-type=\"full-stretched\" data-overlay=\"true\" data-overlay-color=\"#000000\" ><div id=\"pgc-9-1-0\"  class=\"panel-grid-cell\" ><div id=\"panel-9-1-0-0\" class=\"so-panel widget widget_sow-editor panel-first-child panel-last-child\" data-index=\"1\" ><div style=\"text-align: left;\" data-title-color=\"#443f3f\" data-headings-color=\"#443f3f\" class=\"panel-widget-style panel-widget-style-for-9-1-0-0\" ><div\n\t\t\t\n\t\t\tclass=\"so-widget-sow-editor so-widget-sow-editor-base\"\n\t\t\t\n\t\t>\n<div class=\"siteorigin-widget-tinymce textwidget\">\n\t<div class=\"etusivu-otsikko2\">\n<h2>Kauppalaisten yhteiseksi hyv\u00e4ksi jo vuodesta 1875<\/h2>\n<\/div>\n<div class=\"etusivu-leipateksti\">\n<p>Jyv\u00e4skyl\u00e4n Kauppalaisseura on perustettu vuonna 1875. Seuran tarkoituksena on s\u00e4\u00e4nt\u00f6jens\u00e4 mukaan edist\u00e4\u00e4 seurayhteytt\u00e4 t\u00e4k\u00e4l\u00e4isien kauppiaiden ja kauppapalvelijain keskuudessa. <\/p>\n<\/div>\n<div class=\"etusivu-linkki\"><a href=\"https:\/\/www.kauppalaisseura.fi\/seura\/info\">Tutustu seuraan<\/a><\/div>\n<\/div>\n<\/div><\/div><\/div><\/div><\/div><\/div><div id=\"pg-9-2\"  class=\"panel-grid panel-has-style\" ><div class=\"siteorigin-panels-stretch panel-row-style panel-row-style-for-9-2\" style=\"padding: 0px 0; \" id=\"etusivu-rivi2\" data-stretch-type=\"full-stretched\" data-overlay=\"true\" data-overlay-color=\"#000000\" ><div id=\"pgc-9-2-0\"  class=\"panel-grid-cell\" ><div id=\"panel-9-2-0-0\" class=\"so-panel widget widget_sow-editor panel-first-child panel-last-child\" data-index=\"2\" ><div class=\"etusivu-tausta-laatikko1 panel-widget-style panel-widget-style-for-9-2-0-0\" style=\"text-align: left;\" data-title-color=\"#443f3f\" data-headings-color=\"#443f3f\" ><div\n\t\t\t\n\t\t\tclass=\"so-widget-sow-editor so-widget-sow-editor-base\"\n\t\t\t\n\t\t>\n<div class=\"siteorigin-widget-tinymce textwidget\">\n\t<div class=\"etusivu-tausta-laatikko-container\">\n<div class=\"taustalaatikko tekstit\">\n<div class=\"nosto-otsikko3\">\n<h3><a href=\"https:\/\/www.kauppalaisseura.fi\/seura\/apurahat\/\">Apurahat<\/a><\/h3>\n<\/div>\n<div class=\"nosto-teksti\">\n<p>Keisari Suuriruhtinas Aleksanteri II:n matka-apurahasto perustettiin jo vuonna 1880. Jyv\u00e4skyl\u00e4n Kauppalaisseura jakaa rahastosta yh\u00e4 apurahoja vuosittain opintomatkoihin ulkomaille.<\/p>\n<\/div>\n<div class=\"nosto-linkki\"><a href=\"https:\/\/www.kauppalaisseura.fi\/seura\/apurahat\/\">Apurahat<\/a><\/div>\n<\/div>\n<\/div>\n<\/div>\n<\/div><\/div><\/div><\/div><div id=\"pgc-9-2-1\"  class=\"panel-grid-cell\" ><div id=\"panel-9-2-1-0\" class=\"so-panel widget widget_sow-editor panel-first-child panel-last-child\" data-index=\"3\" ><div class=\"etusivu-tausta-laatikko2 panel-widget-style panel-widget-style-for-9-2-1-0\" style=\"text-align: left;\" data-title-color=\"#443f3f\" data-headings-color=\"#443f3f\" ><div\n\t\t\t\n\t\t\tclass=\"so-widget-sow-editor so-widget-sow-editor-base\"\n\t\t\t\n\t\t>\n<div class=\"siteorigin-widget-tinymce textwidget\">\n\t<div class=\"nosto-otsikko3\">\n<h3><a href=\"https:\/\/www.kauppalaisseura.fi\/seura\/huviniemi\/\">Huviniemi<\/a><\/h3>\n<\/div>\n<div class=\"nosto-teksti\">\n<p>Huviniemi sijaitsee Jyv\u00e4skyl\u00e4n Tuomioj\u00e4rven pohjoisp\u00e4\u00e4ss\u00e4. Jyv\u00e4skyl\u00e4n keskustasta sinne ajaa kymmeness\u00e4 minuutissa, eli kyseess\u00e4 on siis luonnonkaunis kokouspaikka keskell\u00e4 kaupunkia!<\/p>\n<\/div>\n<div class=\"nosto-linkki\"><a href=\"https:\/\/www.kauppalaisseura.fi\/seura\/huviniemi\/\">Huviniemi<\/a><\/div>\n<\/div>\n<\/div><\/div><\/div><\/div><\/div><\/div><\/div>","protected":false},"excerpt":{"rendered":"<p>Kauppalaisten yhteiseksi hyv\u00e4ksi jo vuodesta 1875 Jyv\u00e4skyl\u00e4n Kauppalaisseura on perustettu vuonna 1875. Seuran tarkoituksena on s\u00e4\u00e4nt\u00f6jens\u00e4 mukaan edist\u00e4\u00e4 seurayhteytt\u00e4 t\u00e4k\u00e4l\u00e4isien kauppiaiden ja kauppapalvelijain keskuudessa. Tutustu seuraan<\/p>\n","protected":false},"author":1,"featured_media":0,"parent":0,"menu_order":0,"comment_status":"closed","ping_status":"closed","template":"page-templates\/page_front-page.php","meta":{"footnotes":""},"class_list":["post-9","page","type-page","status-publish","hentry"],"yoast_head":"<!-- This site is optimized with the Yoast SEO plugin v26.3 - https:\/\/yoast.com\/wordpress\/plugins\/seo\/ -->\n<title>Kauppalaisseura - Kauppalaisten yhteiseksi hyv\u00e4ksi jo vuodesta 1875<\/title>\n<meta name=\"description\" content=\"Jyv\u00e4skyl\u00e4n Kauppalaisseura on perustettu vuonna 1875. Seuran tarkoituksena on edist\u00e4\u00e4 seurayhteytt\u00e4 kauppiaiden keskuudessa.\" \/>\n<meta name=\"robots\" content=\"index, follow, max-snippet:-1, max-image-preview:large, max-video-preview:-1\" \/>\n<link rel=\"canonical\" href=\"https:\/\/www.kauppalaisseura.fi\/seura\/\" \/>\n<meta property=\"og:locale\" content=\"fi_FI\" \/>\n<meta property=\"og:type\" content=\"article\" \/>\n<meta property=\"og:title\" content=\"Kauppalaisseura - Kauppalaisten yhteiseksi hyv\u00e4ksi jo vuodesta 1875\" \/>\n<meta property=\"og:description\" content=\"Jyv\u00e4skyl\u00e4n Kauppalaisseura on perustettu vuonna 1875. Seuran tarkoituksena on edist\u00e4\u00e4 seurayhteytt\u00e4 kauppiaiden keskuudessa.\" \/>\n<meta property=\"og:url\" content=\"https:\/\/www.kauppalaisseura.fi\/seura\/\" \/>\n<meta property=\"og:site_name\" content=\"Jyv\u00e4skyl\u00e4n Kauppalaisseura\" \/>\n<meta property=\"article:modified_time\" content=\"2021-07-14T05:27:42+00:00\" \/>\n<meta property=\"og:image\" content=\"https:\/\/www.kauppalaisseura.fi\/seura\/wp-content\/uploads\/banneri113.jpg\" \/>\n\t<meta property=\"og:image:width\" content=\"1920\" \/>\n\t<meta property=\"og:image:height\" content=\"800\" \/>\n\t<meta property=\"og:image:type\" content=\"image\/jpeg\" \/>\n<meta name=\"twitter:card\" content=\"summary_large_image\" \/>\n<script type=\"application\/ld+json\" class=\"yoast-schema-graph\">{\"@context\":\"https:\/\/schema.org\",\"@graph\":[{\"@type\":\"WebPage\",\"@id\":\"https:\/\/www.kauppalaisseura.fi\/seura\/\",\"url\":\"https:\/\/www.kauppalaisseura.fi\/seura\/\",\"name\":\"Kauppalaisseura - Kauppalaisten yhteiseksi hyv\u00e4ksi jo vuodesta 1875\",\"isPartOf\":{\"@id\":\"https:\/\/www.kauppalaisseura.fi\/seura\/#website\"},\"datePublished\":\"2021-05-10T05:48:22+00:00\",\"dateModified\":\"2021-07-14T05:27:42+00:00\",\"description\":\"Jyv\u00e4skyl\u00e4n Kauppalaisseura on perustettu vuonna 1875. Seuran tarkoituksena on edist\u00e4\u00e4 seurayhteytt\u00e4 kauppiaiden keskuudessa.\",\"breadcrumb\":{\"@id\":\"https:\/\/www.kauppalaisseura.fi\/seura\/#breadcrumb\"},\"inLanguage\":\"fi\",\"potentialAction\":[{\"@type\":\"ReadAction\",\"target\":[\"https:\/\/www.kauppalaisseura.fi\/seura\/\"]}]},{\"@type\":\"BreadcrumbList\",\"@id\":\"https:\/\/www.kauppalaisseura.fi\/seura\/#breadcrumb\",\"itemListElement\":[{\"@type\":\"ListItem\",\"position\":1,\"name\":\"Etusivu\",\"item\":\"https:\/\/www.kauppalaisseura.fi\/seura\/\"},{\"@type\":\"ListItem\",\"position\":2,\"name\":\"Etusivu\"}]},{\"@type\":\"WebSite\",\"@id\":\"https:\/\/www.kauppalaisseura.fi\/seura\/#website\",\"url\":\"https:\/\/www.kauppalaisseura.fi\/seura\/\",\"name\":\"Jyv\u00e4skyl\u00e4n Kauppalaisseura\",\"description\":\"\",\"potentialAction\":[{\"@type\":\"SearchAction\",\"target\":{\"@type\":\"EntryPoint\",\"urlTemplate\":\"https:\/\/www.kauppalaisseura.fi\/seura\/?s={search_term_string}\"},\"query-input\":{\"@type\":\"PropertyValueSpecification\",\"valueRequired\":true,\"valueName\":\"search_term_string\"}}],\"inLanguage\":\"fi\"}]}<\/script>\n<!-- \/ Yoast SEO plugin. -->","yoast_head_json":{"title":"Kauppalaisseura - Kauppalaisten yhteiseksi hyv\u00e4ksi jo vuodesta 1875","description":"Jyv\u00e4skyl\u00e4n Kauppalaisseura on perustettu vuonna 1875. Seuran tarkoituksena on edist\u00e4\u00e4 seurayhteytt\u00e4 kauppiaiden keskuudessa.","robots":{"index":"index","follow":"follow","max-snippet":"max-snippet:-1","max-image-preview":"max-image-preview:large","max-video-preview":"max-video-preview:-1"},"canonical":"https:\/\/www.kauppalaisseura.fi\/seura\/","og_locale":"fi_FI","og_type":"article","og_title":"Kauppalaisseura - Kauppalaisten yhteiseksi hyv\u00e4ksi jo vuodesta 1875","og_description":"Jyv\u00e4skyl\u00e4n Kauppalaisseura on perustettu vuonna 1875. Seuran tarkoituksena on edist\u00e4\u00e4 seurayhteytt\u00e4 kauppiaiden keskuudessa.","og_url":"https:\/\/www.kauppalaisseura.fi\/seura\/","og_site_name":"Jyv\u00e4skyl\u00e4n Kauppalaisseura","article_modified_time":"2021-07-14T05:27:42+00:00","og_image":[{"width":1920,"height":800,"url":"https:\/\/www.kauppalaisseura.fi\/seura\/wp-content\/uploads\/banneri113.jpg","type":"image\/jpeg"}],"twitter_card":"summary_large_image","schema":{"@context":"https:\/\/schema.org","@graph":[{"@type":"WebPage","@id":"https:\/\/www.kauppalaisseura.fi\/seura\/","url":"https:\/\/www.kauppalaisseura.fi\/seura\/","name":"Kauppalaisseura - Kauppalaisten yhteiseksi hyv\u00e4ksi jo vuodesta 1875","isPartOf":{"@id":"https:\/\/www.kauppalaisseura.fi\/seura\/#website"},"datePublished":"2021-05-10T05:48:22+00:00","dateModified":"2021-07-14T05:27:42+00:00","description":"Jyv\u00e4skyl\u00e4n Kauppalaisseura on perustettu vuonna 1875. Seuran tarkoituksena on edist\u00e4\u00e4 seurayhteytt\u00e4 kauppiaiden keskuudessa.","breadcrumb":{"@id":"https:\/\/www.kauppalaisseura.fi\/seura\/#breadcrumb"},"inLanguage":"fi","potentialAction":[{"@type":"ReadAction","target":["https:\/\/www.kauppalaisseura.fi\/seura\/"]}]},{"@type":"BreadcrumbList","@id":"https:\/\/www.kauppalaisseura.fi\/seura\/#breadcrumb","itemListElement":[{"@type":"ListItem","position":1,"name":"Etusivu","item":"https:\/\/www.kauppalaisseura.fi\/seura\/"},{"@type":"ListItem","position":2,"name":"Etusivu"}]},{"@type":"WebSite","@id":"https:\/\/www.kauppalaisseura.fi\/seura\/#website","url":"https:\/\/www.kauppalaisseura.fi\/seura\/","name":"Jyv\u00e4skyl\u00e4n Kauppalaisseura","description":"","potentialAction":[{"@type":"SearchAction","target":{"@type":"EntryPoint","urlTemplate":"https:\/\/www.kauppalaisseura.fi\/seura\/?s={search_term_string}"},"query-input":{"@type":"PropertyValueSpecification","valueRequired":true,"valueName":"search_term_string"}}],"inLanguage":"fi"}]}},"_links":{"self":[{"href":"https:\/\/www.kauppalaisseura.fi\/seura\/wp-json\/wp\/v2\/pages\/9","targetHints":{"allow":["GET"]}}],"collection":[{"href":"https:\/\/www.kauppalaisseura.fi\/seura\/wp-json\/wp\/v2\/pages"}],"about":[{"href":"https:\/\/www.kauppalaisseura.fi\/seura\/wp-json\/wp\/v2\/types\/page"}],"author":[{"embeddable":true,"href":"https:\/\/www.kauppalaisseura.fi\/seura\/wp-json\/wp\/v2\/users\/1"}],"replies":[{"embeddable":true,"href":"https:\/\/www.kauppalaisseura.fi\/seura\/wp-json\/wp\/v2\/comments?post=9"}],"version-history":[{"count":4,"href":"https:\/\/www.kauppalaisseura.fi\/seura\/wp-json\/wp\/v2\/pages\/9\/revisions"}],"predecessor-version":[{"id":36,"href":"https:\/\/www.kauppalaisseura.fi\/seura\/wp-json\/wp\/v2\/pages\/9\/revisions\/36"}],"wp:attachment":[{"href":"https:\/\/www.kauppalaisseura.fi\/seura\/wp-json\/wp\/v2\/media?parent=9"}],"curies":[{"name":"wp","href":"https:\/\/api.w.org\/{rel}","templated":true}]}}