{"id":17,"date":"2021-05-10T08:48:58","date_gmt":"2021-05-10T05:48:58","guid":{"rendered":"http:\/\/u63577.www2.webdomain.fi\/?page_id=17"},"modified":"2023-05-10T19:58:24","modified_gmt":"2023-05-10T16:58:24","slug":"huviniemi","status":"publish","type":"page","link":"https:\/\/www.kauppalaisseura.fi\/seura\/huviniemi\/","title":{"rendered":"Huviniemi"},"content":{"rendered":"<div id=\"pl-17\"  class=\"panel-layout\" ><div id=\"pg-17-0\"  class=\"panel-grid panel-has-style\" ><div class=\"siteorigin-panels-stretch panel-row-style panel-row-style-for-17-0\" style=\"padding: 0px 0; \" id=\"karuselli\" data-stretch-type=\"full-stretched\" data-overlay=\"true\" data-overlay-color=\"#000000\" ><div id=\"pgc-17-0-0\"  class=\"panel-grid-cell\" ><div id=\"panel-17-0-0-0\" class=\"so-panel widget widget_sow-editor panel-first-child panel-last-child\" data-index=\"0\" ><div style=\"text-align: left;\" data-title-color=\"#443f3f\" data-headings-color=\"#443f3f\" class=\"panel-widget-style panel-widget-style-for-17-0-0-0\" ><div\n\t\t\t\n\t\t\tclass=\"so-widget-sow-editor so-widget-sow-editor-base\"\n\t\t\t\n\t\t>\n<div class=\"siteorigin-widget-tinymce textwidget\">\n\t\n<\/div>\n<\/div><\/div><\/div><\/div><\/div><\/div><div id=\"pg-17-1\"  class=\"panel-grid panel-has-style\" ><div class=\"siteorigin-panels-stretch panel-row-style panel-row-style-for-17-1\" style=\"padding: 100px 0; \" id=\"breadcrumb-rivi\" data-stretch-type=\"full-stretched\" data-overlay=\"true\" data-overlay-color=\"#000000\" ><div id=\"pgc-17-1-0\"  class=\"panel-grid-cell\" ><div id=\"panel-17-1-0-0\" class=\"so-panel widget widget_bcn_widget widget_breadcrumb_navxt panel-first-child panel-last-child\" data-index=\"1\"><div style=\"text-align: left\" data-title-color=\"#443f3f\" data-headings-color=\"#443f3f\" class=\"panel-widget-style panel-widget-style-for-17-1-0-0\"><div class=\"breadcrumbs\" vocab=\"https:\/\/schema.org\/\" typeof=\"BreadcrumbList\"><span property=\"itemListElement\" typeof=\"ListItem\"><a property=\"item\" typeof=\"WebPage\" title=\"Go to Jyv\u00e4skyl\u00e4n Kauppalaisseura.\" href=\"https:\/\/www.kauppalaisseura.fi\/seura\" class=\"home\" aria-current=\"page\"><span property=\"name\">Jyv\u00e4skyl\u00e4n Kauppalaisseura<\/span><\/a><meta property=\"position\" content=\"1\"><\/span><\/div><\/div><\/div><\/div><\/div><\/div><div id=\"pg-17-2\"  class=\"panel-grid panel-has-style\" ><div class=\"siteorigin-panels-stretch panel-row-style panel-row-style-for-17-2\" style=\"padding: 0px 0; \" id=\"valisivu-r1\" data-stretch-type=\"full-stretched\" data-overlay=\"true\" data-overlay-color=\"#000000\" ><div id=\"pgc-17-2-0\"  class=\"panel-grid-cell\" ><div id=\"panel-17-2-0-0\" class=\"so-panel widget widget_sow-editor panel-first-child panel-last-child\" data-index=\"2\" ><div style=\"text-align: left;\" data-title-color=\"#443f3f\" data-headings-color=\"#443f3f\" class=\"panel-widget-style panel-widget-style-for-17-2-0-0\" ><div\n\t\t\t\n\t\t\tclass=\"so-widget-sow-editor so-widget-sow-editor-base\"\n\t\t\t\n\t\t>\n<div class=\"siteorigin-widget-tinymce textwidget\">\n\t<div class=\"valisivu-otsikko2\">\n<h2>Kes\u00e4inen kokous luonnonkauniin Tuomioj\u00e4rven rannalla<\/h2>\n<\/div>\n<div class=\"valisivu-leipateksti\">\n<p>Huviniemi sijaitsee Jyv\u00e4skyl\u00e4n Tuomioj\u00e4rven pohjoisp\u00e4\u00e4ss\u00e4. Jyv\u00e4skyl\u00e4n keskustasta sinne ajaa kymmeness\u00e4 minuutissa, eli kyseess\u00e4 on siis luonnonkaunis kokouspaikka melkolailla keskell\u00e4 kaupunkia! Huviniemen rantasaunoja (idyllinen vanha sauna sek\u00e4 hirsinen uudempi sauna) sek\u00e4 p\u00e4\u00e4rakennusta vuokrataan my\u00f6s yrityksille ja seurueille. J\u00e4senist\u00f6n saunap\u00e4ivi\u00e4 ovat keskiviikko, perjantai ja lauantai, mutta muista viikonp\u00e4ivist\u00e4 sek\u00e4 poikkeuksista voi tiedustella s\u00e4hk\u00f6postitse.<\/p>\n<\/div>\n<div class=\"valisivu-leipateksti\">\n<p>Huviniemen em\u00e4nt\u00e4 j\u00e4rjest\u00e4\u00e4 tarjoilun yrityksille tai tarjoilun paikalle voi hoitaa itse. <\/p>\n<\/div>\n<div class=\"valisivu-leipateksti\">\n<p><a href=\"https:\/\/www.kauppalaisseura.fi\/vapaat-tilat\/kokous-ja-saunatilat\/\">Kokous- ja saunatiloja<\/a> sek\u00e4 tarkempaa osoitetta ajo-ohjeineen voi tiedustella s\u00e4hk\u00f6postitse osoitteesta <a href=\"mailto:seura@kauppalaisseura.fi\">seura@kauppalaisseura.fi<\/a>.<\/p>\n<\/div>\n<div class=\"valisivu-leipateksti\">\n<p><strong>Huviniemen p\u00e4\u00e4rakennuksen uudelleenrakennus tullaan toteuttamaan kulttuurihistoriallisesti merkitt\u00e4v\u00e4\u00e4 milj\u00f6\u00f6t\u00e4 kunnioittaen. <\/strong><\/p>\n<\/div>\n<\/div>\n<\/div><\/div><\/div><\/div><\/div><\/div><\/div>","protected":false},"excerpt":{"rendered":"<p>Jyv\u00e4skyl\u00e4n Kauppalaisseura Kes\u00e4inen kokous luonnonkauniin Tuomioj\u00e4rven rannalla Huviniemi sijaitsee Jyv\u00e4skyl\u00e4n Tuomioj\u00e4rven pohjoisp\u00e4\u00e4ss\u00e4. Jyv\u00e4skyl\u00e4n keskustasta sinne ajaa kymmeness\u00e4 minuutissa, eli kyseess\u00e4 on siis luonnonkaunis kokouspaikka melkolailla keskell\u00e4 kaupunkia! Huviniemen rantasaunoja (idyllinen vanha sauna sek\u00e4 hirsinen uudempi sauna) sek\u00e4 p\u00e4\u00e4rakennusta vuokrataan my\u00f6s yrityksille ja seurueille. J\u00e4senist\u00f6n saunap\u00e4ivi\u00e4 ovat keskiviikko, perjantai ja lauantai, mutta muista viikonp\u00e4ivist\u00e4 sek\u00e4 poikkeuksista [&hellip;]<\/p>\n","protected":false},"author":1,"featured_media":0,"parent":0,"menu_order":0,"comment_status":"closed","ping_status":"closed","template":"page-templates\/page_front-page.php","meta":{"footnotes":""},"class_list":["post-17","page","type-page","status-publish","hentry"],"yoast_head":"<!-- This site is optimized with the Yoast SEO plugin v27.4 - https:\/\/yoast.com\/product\/yoast-seo-wordpress\/ -->\n<title>Huviniemi - Kes\u00e4inen kokous luonnonkauniin Tuomioj\u00e4rven rannalla<\/title>\n<meta name=\"description\" content=\"Huviniemi sijaitsee Jyv\u00e4skyl\u00e4n Tuomioj\u00e4rven pohjoisp\u00e4\u00e4ss\u00e4. Kyseess\u00e4 on luonnonkaunis kokouspaikka l\u00e4hes keskell\u00e4 kaupunkia!\" \/>\n<meta name=\"robots\" content=\"index, follow, max-snippet:-1, max-image-preview:large, max-video-preview:-1\" \/>\n<link rel=\"canonical\" href=\"https:\/\/www.kauppalaisseura.fi\/seura\/huviniemi\/\" \/>\n<meta property=\"og:locale\" content=\"fi_FI\" \/>\n<meta property=\"og:type\" content=\"article\" \/>\n<meta property=\"og:title\" content=\"Huviniemi - Kes\u00e4inen kokous luonnonkauniin Tuomioj\u00e4rven rannalla\" \/>\n<meta property=\"og:description\" content=\"Huviniemi sijaitsee Jyv\u00e4skyl\u00e4n Tuomioj\u00e4rven pohjoisp\u00e4\u00e4ss\u00e4. Kyseess\u00e4 on luonnonkaunis kokouspaikka l\u00e4hes keskell\u00e4 kaupunkia!\" \/>\n<meta property=\"og:url\" content=\"https:\/\/www.kauppalaisseura.fi\/seura\/huviniemi\/\" \/>\n<meta property=\"og:site_name\" content=\"Jyv\u00e4skyl\u00e4n Kauppalaisseura\" \/>\n<meta property=\"article:modified_time\" content=\"2023-05-10T16:58:24+00:00\" \/>\n<meta property=\"og:image\" content=\"https:\/\/www.kauppalaisseura.fi\/seura\/wp-content\/uploads\/banneri111a.jpg\" \/>\n\t<meta property=\"og:image:width\" content=\"1920\" \/>\n\t<meta property=\"og:image:height\" content=\"800\" \/>\n\t<meta property=\"og:image:type\" content=\"image\/jpeg\" \/>\n<meta name=\"twitter:card\" content=\"summary_large_image\" \/>\n<meta name=\"twitter:label1\" content=\"Arvioitu lukuaika\" \/>\n\t<meta name=\"twitter:data1\" content=\"1 minuutti\" \/>\n<script type=\"application\/ld+json\" class=\"yoast-schema-graph\">{\"@context\":\"https:\\\/\\\/schema.org\",\"@graph\":[{\"@type\":\"WebPage\",\"@id\":\"https:\\\/\\\/www.kauppalaisseura.fi\\\/seura\\\/huviniemi\\\/\",\"url\":\"https:\\\/\\\/www.kauppalaisseura.fi\\\/seura\\\/huviniemi\\\/\",\"name\":\"Huviniemi - Kes\u00e4inen kokous luonnonkauniin Tuomioj\u00e4rven rannalla\",\"isPartOf\":{\"@id\":\"https:\\\/\\\/www.kauppalaisseura.fi\\\/seura\\\/#website\"},\"datePublished\":\"2021-05-10T05:48:58+00:00\",\"dateModified\":\"2023-05-10T16:58:24+00:00\",\"description\":\"Huviniemi sijaitsee Jyv\u00e4skyl\u00e4n Tuomioj\u00e4rven pohjoisp\u00e4\u00e4ss\u00e4. Kyseess\u00e4 on luonnonkaunis kokouspaikka l\u00e4hes keskell\u00e4 kaupunkia!\",\"breadcrumb\":{\"@id\":\"https:\\\/\\\/www.kauppalaisseura.fi\\\/seura\\\/huviniemi\\\/#breadcrumb\"},\"inLanguage\":\"fi\",\"potentialAction\":[{\"@type\":\"ReadAction\",\"target\":[\"https:\\\/\\\/www.kauppalaisseura.fi\\\/seura\\\/huviniemi\\\/\"]}]},{\"@type\":\"BreadcrumbList\",\"@id\":\"https:\\\/\\\/www.kauppalaisseura.fi\\\/seura\\\/huviniemi\\\/#breadcrumb\",\"itemListElement\":[{\"@type\":\"ListItem\",\"position\":1,\"name\":\"Etusivu\",\"item\":\"https:\\\/\\\/www.kauppalaisseura.fi\\\/seura\\\/\"},{\"@type\":\"ListItem\",\"position\":2,\"name\":\"Huviniemi\"}]},{\"@type\":\"WebSite\",\"@id\":\"https:\\\/\\\/www.kauppalaisseura.fi\\\/seura\\\/#website\",\"url\":\"https:\\\/\\\/www.kauppalaisseura.fi\\\/seura\\\/\",\"name\":\"Jyv\u00e4skyl\u00e4n Kauppalaisseura\",\"description\":\"\",\"potentialAction\":[{\"@type\":\"SearchAction\",\"target\":{\"@type\":\"EntryPoint\",\"urlTemplate\":\"https:\\\/\\\/www.kauppalaisseura.fi\\\/seura\\\/?s={search_term_string}\"},\"query-input\":{\"@type\":\"PropertyValueSpecification\",\"valueRequired\":true,\"valueName\":\"search_term_string\"}}],\"inLanguage\":\"fi\"}]}<\/script>\n<!-- \/ Yoast SEO plugin. -->","yoast_head_json":{"title":"Huviniemi - Kes\u00e4inen kokous luonnonkauniin Tuomioj\u00e4rven rannalla","description":"Huviniemi sijaitsee Jyv\u00e4skyl\u00e4n Tuomioj\u00e4rven pohjoisp\u00e4\u00e4ss\u00e4. Kyseess\u00e4 on luonnonkaunis kokouspaikka l\u00e4hes keskell\u00e4 kaupunkia!","robots":{"index":"index","follow":"follow","max-snippet":"max-snippet:-1","max-image-preview":"max-image-preview:large","max-video-preview":"max-video-preview:-1"},"canonical":"https:\/\/www.kauppalaisseura.fi\/seura\/huviniemi\/","og_locale":"fi_FI","og_type":"article","og_title":"Huviniemi - Kes\u00e4inen kokous luonnonkauniin Tuomioj\u00e4rven rannalla","og_description":"Huviniemi sijaitsee Jyv\u00e4skyl\u00e4n Tuomioj\u00e4rven pohjoisp\u00e4\u00e4ss\u00e4. Kyseess\u00e4 on luonnonkaunis kokouspaikka l\u00e4hes keskell\u00e4 kaupunkia!","og_url":"https:\/\/www.kauppalaisseura.fi\/seura\/huviniemi\/","og_site_name":"Jyv\u00e4skyl\u00e4n Kauppalaisseura","article_modified_time":"2023-05-10T16:58:24+00:00","og_image":[{"width":1920,"height":800,"url":"https:\/\/www.kauppalaisseura.fi\/seura\/wp-content\/uploads\/banneri111a.jpg","type":"image\/jpeg"}],"twitter_card":"summary_large_image","twitter_misc":{"Arvioitu lukuaika":"1 minuutti"},"schema":{"@context":"https:\/\/schema.org","@graph":[{"@type":"WebPage","@id":"https:\/\/www.kauppalaisseura.fi\/seura\/huviniemi\/","url":"https:\/\/www.kauppalaisseura.fi\/seura\/huviniemi\/","name":"Huviniemi - Kes\u00e4inen kokous luonnonkauniin Tuomioj\u00e4rven rannalla","isPartOf":{"@id":"https:\/\/www.kauppalaisseura.fi\/seura\/#website"},"datePublished":"2021-05-10T05:48:58+00:00","dateModified":"2023-05-10T16:58:24+00:00","description":"Huviniemi sijaitsee Jyv\u00e4skyl\u00e4n Tuomioj\u00e4rven pohjoisp\u00e4\u00e4ss\u00e4. Kyseess\u00e4 on luonnonkaunis kokouspaikka l\u00e4hes keskell\u00e4 kaupunkia!","breadcrumb":{"@id":"https:\/\/www.kauppalaisseura.fi\/seura\/huviniemi\/#breadcrumb"},"inLanguage":"fi","potentialAction":[{"@type":"ReadAction","target":["https:\/\/www.kauppalaisseura.fi\/seura\/huviniemi\/"]}]},{"@type":"BreadcrumbList","@id":"https:\/\/www.kauppalaisseura.fi\/seura\/huviniemi\/#breadcrumb","itemListElement":[{"@type":"ListItem","position":1,"name":"Etusivu","item":"https:\/\/www.kauppalaisseura.fi\/seura\/"},{"@type":"ListItem","position":2,"name":"Huviniemi"}]},{"@type":"WebSite","@id":"https:\/\/www.kauppalaisseura.fi\/seura\/#website","url":"https:\/\/www.kauppalaisseura.fi\/seura\/","name":"Jyv\u00e4skyl\u00e4n Kauppalaisseura","description":"","potentialAction":[{"@type":"SearchAction","target":{"@type":"EntryPoint","urlTemplate":"https:\/\/www.kauppalaisseura.fi\/seura\/?s={search_term_string}"},"query-input":{"@type":"PropertyValueSpecification","valueRequired":true,"valueName":"search_term_string"}}],"inLanguage":"fi"}]}},"_links":{"self":[{"href":"https:\/\/www.kauppalaisseura.fi\/seura\/wp-json\/wp\/v2\/pages\/17","targetHints":{"allow":["GET"]}}],"collection":[{"href":"https:\/\/www.kauppalaisseura.fi\/seura\/wp-json\/wp\/v2\/pages"}],"about":[{"href":"https:\/\/www.kauppalaisseura.fi\/seura\/wp-json\/wp\/v2\/types\/page"}],"author":[{"embeddable":true,"href":"https:\/\/www.kauppalaisseura.fi\/seura\/wp-json\/wp\/v2\/users\/1"}],"replies":[{"embeddable":true,"href":"https:\/\/www.kauppalaisseura.fi\/seura\/wp-json\/wp\/v2\/comments?post=17"}],"version-history":[{"count":3,"href":"https:\/\/www.kauppalaisseura.fi\/seura\/wp-json\/wp\/v2\/pages\/17\/revisions"}],"predecessor-version":[{"id":311,"href":"https:\/\/www.kauppalaisseura.fi\/seura\/wp-json\/wp\/v2\/pages\/17\/revisions\/311"}],"wp:attachment":[{"href":"https:\/\/www.kauppalaisseura.fi\/seura\/wp-json\/wp\/v2\/media?parent=17"}],"curies":[{"name":"wp","href":"https:\/\/api.w.org\/{rel}","templated":true}]}}